{"id":24945,"date":"2018-10-22T16:02:50","date_gmt":"2018-10-22T14:02:50","guid":{"rendered":"http:\/\/flash-auto.com\/?page_id=24945"},"modified":"2018-10-22T16:02:50","modified_gmt":"2018-10-22T14:02:50","slug":"location-dutilitaires-camionnette-fourgon-camion","status":"publish","type":"page","link":"http:\/\/flash-auto.com\/?page_id=24945","title":{"rendered":"Location d&#8217;utilitaires (camionnette, fourgon, camion&#8230;)"},"content":{"rendered":"<p>Chez Flash Auto Plus, nous vous proposons un large choix de v\u00e9hicules pour <strong>louer un utilitaire<\/strong>. Pour pouvoir r\u00e9pondre \u00e0 l&#8217;ensemble de vos besoins de location (d\u00e9m\u00e9nagement, transport de marchandises&#8230;), nous avons s\u00e9lectionn\u00e9 plusieurs mod\u00e8les de <strong>camions<\/strong>, <strong>fourgons<\/strong>, <strong>camionnettes<\/strong> \u00e0 louer.<\/p>\n<p>La location d&#8217;utilitaires avec Rent A Car est simple, pratique et \u00e9conomique. Nos v\u00e9hicules utilitaires sont regroup\u00e9s par cat\u00e9gories et disponibles dans l&#8217;ensemble de nos agences de location partout en France et dans les DOM.<\/p>\n<p>Rent A Car vous propose un large choix de v\u00e9hicules utilitaires ainsi qu&#8217;une gamme de v\u00e9hicules sp\u00e9cifiques pour vos d\u00e9m\u00e9nagements, locations professionnelles, transport de marchandises&#8230;<\/p>\n","protected":false},"excerpt":{"rendered":"<p>Chez Flash Auto Plus, nous vous proposons un large choix de v\u00e9hicules pour louer un utilitaire. Pour pouvoir r\u00e9pondre \u00e0 l&#8217;ensemble de vos besoins de location (d\u00e9m\u00e9nagement, transport de marchandises&#8230;), nous avons s\u00e9lectionn\u00e9 plusieurs mod\u00e8les de camions, fourgons, camionnettes \u00e0 louer. La location d&#8217;utilitaires avec Rent A Car est simple, [&hellip;]<\/p>\n","protected":false},"author":1,"featured_media":24946,"parent":0,"menu_order":0,"comment_status":"closed","ping_status":"closed","template":"","meta":{"footnotes":""},"_links":{"self":[{"href":"http:\/\/flash-auto.com\/index.php?rest_route=\/wp\/v2\/pages\/24945"}],"collection":[{"href":"http:\/\/flash-auto.com\/index.php?rest_route=\/wp\/v2\/pages"}],"about":[{"href":"http:\/\/flash-auto.com\/index.php?rest_route=\/wp\/v2\/types\/page"}],"author":[{"embeddable":true,"href":"http:\/\/flash-auto.com\/index.php?rest_route=\/wp\/v2\/users\/1"}],"replies":[{"embeddable":true,"href":"http:\/\/flash-auto.com\/index.php?rest_route=%2Fwp%2Fv2%2Fcomments&post=24945"}],"version-history":[{"count":1,"href":"http:\/\/flash-auto.com\/index.php?rest_route=\/wp\/v2\/pages\/24945\/revisions"}],"predecessor-version":[{"id":24947,"href":"http:\/\/flash-auto.com\/index.php?rest_route=\/wp\/v2\/pages\/24945\/revisions\/24947"}],"wp:featuredmedia":[{"embeddable":true,"href":"http:\/\/flash-auto.com\/index.php?rest_route=\/wp\/v2\/media\/24946"}],"wp:attachment":[{"href":"http:\/\/flash-auto.com\/index.php?rest_route=%2Fwp%2Fv2%2Fmedia&parent=24945"}],"curies":[{"name":"wp","href":"https:\/\/api.w.org\/{rel}","templated":true}]}}